{"id":126,"date":"2015-12-23T18:05:11","date_gmt":"2015-12-23T17:05:11","guid":{"rendered":"https:\/\/blog.mi.hdm-stuttgart.de\/?page_id=126"},"modified":"2024-11-07T09:31:31","modified_gmt":"2024-11-07T08:31:31","slug":"legal-notice","status":"publish","type":"page","link":"https:\/\/blog.mi.hdm-stuttgart.de\/index.php\/legal-notice\/","title":{"rendered":"Legal Notice \/ Impressum"},"content":{"rendered":"\n<p>Die Hochschule der Medien Stuttgart ist eine K\u00f6rperschaft des \u00f6ffentlichen Rechts. Sie wird durch den Rektor Professor Dr. Alexander W. Roos gesetzlich vertreten.<\/p>\n\n\n\n<p><strong><abbr title=\"Umsatzsteuer-Identifikationsnummer\">USt.-ID-Nr.<\/abbr>:<\/strong> DE 224 427 890<\/p>\n\n\n\n<h2 class=\"wp-block-heading\">F\u00fcr diese Website (Blog) verantwortlich<\/h2>\n\n\n\n<address>Prof. Dr. Tobias Jordine<br>Hochschule der Medien<br>Nobelstr. 10<br>70569 Stuttgart<br>Deutschland<br><br>Tel.: <a href=\"tel:+4971189232742\">+49 711 8923 2742<\/a><br>E-Mail: <a href=\"mailto:jordine@hdm-stuttgart.de\">jordine@hdm-stuttgart.de<\/a><\/address>\n\n\n\n<h2 class=\"wp-block-heading\">Technischer Ansprechpartner<\/h2>\n\n\n\n<address>Benjamin Binder<br>Hochschule der Medien<br>Nobelstr. 10<br>70569 Stuttgart<br>Deutschland<br><br>Tel.: <a href=\"tel:+4971189232674\">+49 711 8923 2674<\/a><br>E-Mail: <a href=\"mailto:binderb@hdm-stuttgart.de\">binderb@hdm-stuttgart.de<\/a><\/address>\n\n\n\n<h2 class=\"wp-block-heading\">Zust\u00e4ndige Aufsichtsbeh\u00f6rde<\/h2>\n\n\n\n<address>Ministerium f\u00fcr Wissenschaft, Forschung und Kunst Baden-W\u00fcrttemberg<br>K\u00f6nigstra\u00dfe 46<br>70173 Stuttgart<\/address>\n\n\n\n<h2 class=\"wp-block-heading\">Haftungsausschluss<\/h2>\n\n\n\n<h3 class=\"wp-block-heading\">1. Inhalt des Onlineangebotes<\/h3>\n\n\n\n<p>Der Autor (Anbieter dieser Website) bzw. die einzelnen Verfasser \u00fcbernimmt keinerlei Gew\u00e4hr f\u00fcr die Aktualit\u00e4t, Korrektheit, Vollst\u00e4ndigkeit oder Qualit\u00e4t der bereitgestellten Informationen. Haftungsanspr\u00fcche gegen den Autor oder Verfasser, welche sich auf Sch\u00e4den materieller oder ideeller Art beziehen, die durch die Nutzung oder Nichtnutzung der dargebotenen Informationen bzw. durch die Nutzung fehlerhafter und unvollst\u00e4ndiger Informationen verursacht wurden, sind grunds\u00e4tzlich ausgeschlossen, sofern seitens des Autors oder der Verfasser kein nachweislich vors\u00e4tzliches oder grob fahrl\u00e4ssiges Verschulden vorliegt.<\/p>\n\n\n\n<p>Alle Angebote sind freibleibend und unverbindlich. Der Autor und die Verfasser behalten es sich ausdr\u00fccklich vor, Teile der Seiten oder das gesamte Angebot ohne gesonderte Ank\u00fcndigung zu ver\u00e4ndern, zu erg\u00e4nzen, zu l\u00f6schen oder die Ver\u00f6ffentlichung zeitweise oder endg\u00fcltig einzustellen.<\/p>\n\n\n\n<h3 class=\"wp-block-heading\">2. Verweise und Links<\/h3>\n\n\n\n<p>Bei direkten oder indirekten Verweisen auf fremde Internetseiten (\u201cLinks\u201d), die au\u00dferhalb des Verantwortungsbereiches des Autors liegen, w\u00fcrde eine Haftungsverpflichtung ausschlie\u00dflich in dem Fall in Kraft treten, in dem der Autor von den Inhalten Kenntnis hat und es ihm technisch m\u00f6glich und zumutbar w\u00e4re, die Nutzung im Falle rechtswidriger Inhalte zu verhindern.<\/p>\n\n\n\n<p>Der Autor erkl\u00e4rt hiermit ausdr\u00fccklich, dass zum Zeitpunkt der Linksetzung keine illegalen Inhalte auf den zu verlinkenden Seiten erkennbar waren. Auf die aktuelle und zuk\u00fcnftige Gestaltung, die Inhalte oder die Urheberschaft der gelinkten\/verkn\u00fcpften Seiten hat der Autor keinerlei Einfluss. Deshalb distanziert er sich hiermit ausdr\u00fccklich von allen Inhalten aller verlinkten\/verkn\u00fcpften Seiten, die nach der Linksetzung ver\u00e4ndert wurden. Diese Feststellung gilt f\u00fcr alle innerhalb des eigenen Internetangebotes gesetzten Links und Verweise sowie f\u00fcr Fremdeintr\u00e4ge in vom Autor eingerichteten G\u00e4steb\u00fcchern, Diskussionsforen und Mailinglisten. F\u00fcr illegale, fehlerhafte oder unvollst\u00e4ndige Inhalte und insbesondere f\u00fcr Sch\u00e4den, die aus der Nutzung oder Nichtnutzung solcherart dargebotener Informationen entstehen, haftet allein der Anbieter der Seite, auf welche verwiesen wurde, nicht derjenige, der \u00fcber Links auf die jeweilige Ver\u00f6ffentlichung lediglich verweist.<\/p>\n\n\n\n<h3 class=\"wp-block-heading\">3. Urheber- und Kennzeichenrecht<\/h3>\n\n\n\n<p>Der Autor bzw. die Verfasser sind bestrebt, in allen Publikationen die Urheberrechte der verwendeten Grafiken, Tondokumente, Videosequenzen und Texte zu beachten, von ihm selbst erstellte Grafiken, Tondokumente, Videosequenzen und Texte zu nutzen oder auf lizenzfreie Grafiken, Tondokumente, Videosequenzen und Texte zur\u00fcckzugreifen.<\/p>\n\n\n\n<p>Alle innerhalb des Internetangebotes genannten und ggf. durch Dritte gesch\u00fctzten Marken- und Warenzeichen unterliegen uneingeschr\u00e4nkt den Bestimmungen des jeweils g\u00fcltigen Kennzeichenrechts und den Besitzrechten der jeweiligen eingetragenen Eigent\u00fcmer. Allein aufgrund der blo\u00dfen Nennung ist nicht der Schluss zu ziehen, dass Markenzeichen nicht durch Rechte Dritter gesch\u00fctzt sind! Das Copyright f\u00fcr ver\u00f6ffentlichte, vom Autor oder Verfasser selbst erstellte Objekte bleibt allein beim Autor\/den Verfassern der Seiten bzw. Texte und Inhalte. Eine Vervielf\u00e4ltigung oder Verwendung solcher Grafiken, Tondokumente, Videosequenzen und Texte in anderen elektronischen oder gedruckten Publikationen ist ohne ausdr\u00fcckliche Zustimmung des Autors\/der Verfasser nicht gestattet.<\/p>\n\n\n\n<h3 class=\"wp-block-heading\">4. Rechtswirksamkeit dieses Haftungsausschlusses<\/h3>\n\n\n\n<p>Dieser Haftungsausschluss ist als Teil des Internetangebotes zu betrachten, von dem aus auf diese Seite verwiesen wurde. Sofern Teile oder einzelne Formulierungen dieses Textes der geltenden Rechtslage nicht, nicht mehr oder nicht vollst\u00e4ndig entsprechen sollten, bleiben die \u00fcbrigen Teile des Dokumentes in ihrem Inhalt und ihrer G\u00fcltigkeit davon unber\u00fchrt.<\/p>\n\n\n\n<p>Quelle: <a href=\"https:\/\/www.juraforum.de\">www.Juraforum.de<\/a> \u2014 Rechtportal mit Anwaltssuche<\/p>\n\n\n\n<p>Stand: August 2017<\/p>\n","protected":false},"excerpt":{"rendered":"<p>Die Hochschule der Medien Stuttgart ist eine K\u00f6rperschaft des \u00f6ffentlichen Rechts. Sie wird durch den Rektor Professor Dr. Alexander W. Roos gesetzlich vertreten. USt.-ID-Nr.: DE 224 427 890 F\u00fcr diese Website (Blog) verantwortlich Prof. Dr. Tobias JordineHochschule der MedienNobelstr. 1070569 StuttgartDeutschland Tel.: +49 711 8923 2742E-Mail: jordine@hdm-stuttgart.de Technischer Ansprechpartner Benjamin BinderHochschule der MedienNobelstr. 1070569 StuttgartDeutschland [&hellip;]<\/p>\n","protected":false},"author":1,"featured_media":0,"parent":0,"menu_order":5,"comment_status":"closed","ping_status":"closed","template":"","meta":{"footnotes":""},"class_list":["post-126","page","type-page","status-publish","hentry"],"aioseo_notices":[],"jetpack-related-posts":[{"id":3690,"url":"https:\/\/blog.mi.hdm-stuttgart.de\/index.php\/privacy-policy\/","url_meta":{"origin":126,"position":0},"title":"Privacy Policy","author":"Walter Kriha","date":"18. May 2018","format":false,"excerpt":"We are very pleased about your interest in our website Computer Science Blog \u2013 Hochschule der Medien. Data protection has a particularly high priority for the management of the Hochschule der Medien. It is possible to use the Internet pages of the the Computer Science Blog \u2013 Hochschule der Medien\u2026","rel":"","context":"Similar post","block_context":{"text":"Similar post","link":""},"img":{"alt_text":"","src":"","width":0,"height":0},"classes":[]},{"id":24799,"url":"https:\/\/blog.mi.hdm-stuttgart.de\/index.php\/about\/","url_meta":{"origin":126,"position":1},"title":"About this blog","author":"Niklas Friedrich Gerstner","date":"26. June 2023","format":false,"excerpt":"The authors This blog is maintained by students of the Hochschule der Medien Stuttgart (Stuttgart Media University). They study in computer science related academic programs. As part of their studies, they post on this blog about topics they're currently interested in, and projects they're working on during the semester. Academic\u2026","rel":"","context":"Similar post","block_context":{"text":"Similar post","link":""},"img":{"alt_text":"","src":"","width":0,"height":0},"classes":[]}],"jetpack_sharing_enabled":true,"_links":{"self":[{"href":"https:\/\/blog.mi.hdm-stuttgart.de\/index.php\/wp-json\/wp\/v2\/pages\/126","targetHints":{"allow":["GET"]}}],"collection":[{"href":"https:\/\/blog.mi.hdm-stuttgart.de\/index.php\/wp-json\/wp\/v2\/pages"}],"about":[{"href":"https:\/\/blog.mi.hdm-stuttgart.de\/index.php\/wp-json\/wp\/v2\/types\/page"}],"author":[{"embeddable":true,"href":"https:\/\/blog.mi.hdm-stuttgart.de\/index.php\/wp-json\/wp\/v2\/users\/1"}],"replies":[{"embeddable":true,"href":"https:\/\/blog.mi.hdm-stuttgart.de\/index.php\/wp-json\/wp\/v2\/comments?post=126"}],"version-history":[{"count":11,"href":"https:\/\/blog.mi.hdm-stuttgart.de\/index.php\/wp-json\/wp\/v2\/pages\/126\/revisions"}],"predecessor-version":[{"id":26659,"href":"https:\/\/blog.mi.hdm-stuttgart.de\/index.php\/wp-json\/wp\/v2\/pages\/126\/revisions\/26659"}],"wp:attachment":[{"href":"https:\/\/blog.mi.hdm-stuttgart.de\/index.php\/wp-json\/wp\/v2\/media?parent=126"}],"curies":[{"name":"wp","href":"https:\/\/api.w.org\/{rel}","templated":true}]}}